{"id":8182,"date":"2023-03-25T14:50:29","date_gmt":"2023-03-25T13:50:29","guid":{"rendered":"https:\/\/affectionate-hofstadter.185-234-69-130.plesk.page\/kotizacija\/kvaliteta360-early-bird-registration-fee-with-20-discount\/"},"modified":"2024-06-07T04:19:42","modified_gmt":"2024-06-07T02:19:42","slug":"kvaliteta360-early-bird-registration-fee-with-20-discount","status":"publish","type":"product","link":"https:\/\/affectionate-hofstadter.185-234-69-130.plesk.page\/en\/kotizacija\/kvaliteta360-early-bird-registration-fee-with-20-discount\/","title":{"rendered":"Kvaliteta360 \u2013 EARLY Bird registration fee with 20% DISCOUNT*"},"content":{"rendered":"<p><strong>Kotizacija s 20% dodatnog popusta<\/strong> uklju\u010duje:<\/p>\n<ul>\n<li>Konferencijske materijale<\/li>\n<li>Sva predavanja<\/li>\n<li>Kavu dobrodo\u0161lice<\/li>\n<li>Pauzu za kavu<\/li>\n<li>Ru\u010dak<\/li>\n<li>Pi\u0107e na Koktel After Partyu<\/li>\n<li>Sudjelovanje u tomboli<\/li>\n<\/ul>\n<p><span style=\"color: #ff0000;\"><strong>*<\/strong><br \/>\n<\/span><span style=\"color: #ff0000;\"><strong>Pravo na ovu vrstu kotizacije <\/strong>mo\u017ee se ostvariti po bilo kojem, ali samo po jednom, navedenom kriteriju:<\/span><\/p>\n<ul>\n<li><strong>Sudionici pro\u0161logodi\u0161nje konferencije!<\/strong> (pla\u0107ene kotizacije)<\/li>\n<li>5 i vi\u0161e kotizacija iz iste organizacije<\/li>\n<li>\u010clanovi Hrvatske udruge za upravljanje projektima &#8211; IPMA.hr (HUUP-IPMA)<\/li>\n<li>\u010clanovi udruge Hrvatski laboratoriji (CROLAB)<\/li>\n<li>\u010clanovi udruge Hrvatski nezavisni izvoznici softvera (CISEx)<\/li>\n<li>\u010clanovi Rotary District 1913 Croatia<\/li>\n<li>\u010clanovi Hrvatske obrtni\u010dke komore (HOK)<\/li>\n<li><span style=\"color: var( --e-global-color-primary );\">\u010clanovi Hrvatskog dru\u0161tva za kvalitetu (HDK)<\/span><\/li>\n<li>\u010clanovi Hrvatskog dru\u0161tva menad\u017eera kvalitete (HDMK)<\/li>\n<li>\u010clanovi udruge Glas Poduzetnika (UGP)<\/li>\n<\/ul>\n<p><span style=\"color: #ff0000;\"><strong>*<br \/>\nMolimo, ne kupujte ovu vrstu kotizacije ako ne ostvarujete pravo!<br \/>\n*<\/strong><\/span><\/p>\n","protected":false},"excerpt":{"rendered":"<p>Kotizacija s 20% dodatnog popusta uklju\u010duje: Konferencijske materijale Sva predavanja Kavu dobrodo\u0161lice Pauzu za kavu Ru\u010dak Pi\u0107e na Koktel After Partyu Sudjelovanje u tomboli * Pravo na ovu vrstu kotizacije mo\u017ee se ostvariti po bilo kojem, ali samo po jednom, navedenom kriteriju: Sudionici pro\u0161logodi\u0161nje konferencije! (pla\u0107ene kotizacije) 5 i vi\u0161e kotizacija iz iste organizacije \u010clanovi [&hellip;]<\/p>\n","protected":false},"featured_media":8083,"template":"","meta":[],"product_cat":[84],"product_tag":[],"yoast_head":"<!-- This site is optimized with the Yoast SEO plugin v24.5 - https:\/\/yoast.com\/wordpress\/plugins\/seo\/ -->\n<title>Kvaliteta360 \u2013 EARLY Bird registration fee with 20% DISCOUNT* - Kvaliteta360<\/title>\n<meta name=\"robots\" content=\"index, follow, max-snippet:-1, max-image-preview:large, max-video-preview:-1\" \/>\n<link rel=\"canonical\" href=\"https:\/\/affectionate-hofstadter.185-234-69-130.plesk.page\/en\/kotizacija\/kvaliteta360-early-bird-registration-fee-with-20-discount\/\" \/>\n<meta property=\"og:locale\" content=\"en_US\" \/>\n<meta property=\"og:type\" content=\"article\" \/>\n<meta property=\"og:title\" content=\"Kvaliteta360 \u2013 EARLY Bird registration fee with 20% DISCOUNT* - Kvaliteta360\" \/>\n<meta property=\"og:description\" content=\"Kotizacija s 20% dodatnog popusta uklju\u010duje: Konferencijske materijale Sva predavanja Kavu dobrodo\u0161lice Pauzu za kavu Ru\u010dak Pi\u0107e na Koktel After Partyu Sudjelovanje u tomboli * Pravo na ovu vrstu kotizacije mo\u017ee se ostvariti po bilo kojem, ali samo po jednom, navedenom kriteriju: Sudionici pro\u0161logodi\u0161nje konferencije! (pla\u0107ene kotizacije) 5 i vi\u0161e kotizacija iz iste organizacije \u010clanovi [&hellip;]\" \/>\n<meta property=\"og:url\" content=\"https:\/\/affectionate-hofstadter.185-234-69-130.plesk.page\/en\/kotizacija\/kvaliteta360-early-bird-registration-fee-with-20-discount\/\" \/>\n<meta property=\"og:site_name\" content=\"Kvaliteta360\" \/>\n<meta property=\"article:publisher\" content=\"https:\/\/www.facebook.com\/kvaliteta360\" \/>\n<meta property=\"article:modified_time\" content=\"2024-06-07T02:19:42+00:00\" \/>\n<meta property=\"og:image\" content=\"https:\/\/affectionate-hofstadter.185-234-69-130.plesk.page\/wp-content\/uploads\/2023\/09\/early.png\" \/>\n\t<meta property=\"og:image:width\" content=\"1000\" \/>\n\t<meta property=\"og:image:height\" content=\"324\" \/>\n\t<meta property=\"og:image:type\" content=\"image\/png\" \/>\n<meta name=\"twitter:card\" content=\"summary_large_image\" \/>\n<meta name=\"twitter:label1\" content=\"Est. reading time\" \/>\n\t<meta name=\"twitter:data1\" content=\"1 minute\" \/>\n<script type=\"application\/ld+json\" class=\"yoast-schema-graph\">{\"@context\":\"https:\/\/schema.org\",\"@graph\":[{\"@type\":\"WebPage\",\"@id\":\"https:\/\/affectionate-hofstadter.185-234-69-130.plesk.page\/en\/kotizacija\/kvaliteta360-early-bird-registration-fee-with-20-discount\/\",\"url\":\"https:\/\/affectionate-hofstadter.185-234-69-130.plesk.page\/en\/kotizacija\/kvaliteta360-early-bird-registration-fee-with-20-discount\/\",\"name\":\"Kvaliteta360 \u2013 EARLY Bird registration fee with 20% DISCOUNT* - Kvaliteta360\",\"isPartOf\":{\"@id\":\"https:\/\/affectionate-hofstadter.185-234-69-130.plesk.page\/en\/#website\"},\"primaryImageOfPage\":{\"@id\":\"https:\/\/affectionate-hofstadter.185-234-69-130.plesk.page\/en\/kotizacija\/kvaliteta360-early-bird-registration-fee-with-20-discount\/#primaryimage\"},\"image\":{\"@id\":\"https:\/\/affectionate-hofstadter.185-234-69-130.plesk.page\/en\/kotizacija\/kvaliteta360-early-bird-registration-fee-with-20-discount\/#primaryimage\"},\"thumbnailUrl\":\"https:\/\/affectionate-hofstadter.185-234-69-130.plesk.page\/wp-content\/uploads\/2023\/09\/redovna.png\",\"datePublished\":\"2023-03-25T13:50:29+00:00\",\"dateModified\":\"2024-06-07T02:19:42+00:00\",\"breadcrumb\":{\"@id\":\"https:\/\/affectionate-hofstadter.185-234-69-130.plesk.page\/en\/kotizacija\/kvaliteta360-early-bird-registration-fee-with-20-discount\/#breadcrumb\"},\"inLanguage\":\"en-US\",\"potentialAction\":[{\"@type\":\"ReadAction\",\"target\":[\"https:\/\/affectionate-hofstadter.185-234-69-130.plesk.page\/en\/kotizacija\/kvaliteta360-early-bird-registration-fee-with-20-discount\/\"]}]},{\"@type\":\"ImageObject\",\"inLanguage\":\"en-US\",\"@id\":\"https:\/\/affectionate-hofstadter.185-234-69-130.plesk.page\/en\/kotizacija\/kvaliteta360-early-bird-registration-fee-with-20-discount\/#primaryimage\",\"url\":\"https:\/\/affectionate-hofstadter.185-234-69-130.plesk.page\/wp-content\/uploads\/2023\/09\/redovna.png\",\"contentUrl\":\"https:\/\/affectionate-hofstadter.185-234-69-130.plesk.page\/wp-content\/uploads\/2023\/09\/redovna.png\",\"width\":1000,\"height\":324},{\"@type\":\"BreadcrumbList\",\"@id\":\"https:\/\/affectionate-hofstadter.185-234-69-130.plesk.page\/en\/kotizacija\/kvaliteta360-early-bird-registration-fee-with-20-discount\/#breadcrumb\",\"itemListElement\":[{\"@type\":\"ListItem\",\"position\":1,\"name\":\"Po\u010detna stranica\",\"item\":\"https:\/\/affectionate-hofstadter.185-234-69-130.plesk.page\/en\/\"},{\"@type\":\"ListItem\",\"position\":2,\"name\":\"Kotizacije\",\"item\":\"https:\/\/affectionate-hofstadter.185-234-69-130.plesk.page\/kotizacije\/\"},{\"@type\":\"ListItem\",\"position\":3,\"name\":\"Kvaliteta360 \u2013 EARLY Bird registration fee with 20% DISCOUNT*\"}]},{\"@type\":\"WebSite\",\"@id\":\"https:\/\/affectionate-hofstadter.185-234-69-130.plesk.page\/en\/#website\",\"url\":\"https:\/\/affectionate-hofstadter.185-234-69-130.plesk.page\/en\/\",\"name\":\"Kvaliteta360\",\"description\":\"Me\u0111unarodna konferencija o kvaliteti u poslovanju\",\"publisher\":{\"@id\":\"https:\/\/affectionate-hofstadter.185-234-69-130.plesk.page\/en\/#organization\"},\"potentialAction\":[{\"@type\":\"SearchAction\",\"target\":{\"@type\":\"EntryPoint\",\"urlTemplate\":\"https:\/\/affectionate-hofstadter.185-234-69-130.plesk.page\/en\/?s={search_term_string}\"},\"query-input\":{\"@type\":\"PropertyValueSpecification\",\"valueRequired\":true,\"valueName\":\"search_term_string\"}}],\"inLanguage\":\"en-US\"},{\"@type\":\"Organization\",\"@id\":\"https:\/\/affectionate-hofstadter.185-234-69-130.plesk.page\/en\/#organization\",\"name\":\"Kvaliteta360\",\"url\":\"https:\/\/affectionate-hofstadter.185-234-69-130.plesk.page\/en\/\",\"logo\":{\"@type\":\"ImageObject\",\"inLanguage\":\"en-US\",\"@id\":\"https:\/\/affectionate-hofstadter.185-234-69-130.plesk.page\/en\/#\/schema\/logo\/image\/\",\"url\":\"https:\/\/affectionate-hofstadter.185-234-69-130.plesk.page\/wp-content\/uploads\/2020\/11\/K360-logo-bijelo-crveno.png\",\"contentUrl\":\"https:\/\/affectionate-hofstadter.185-234-69-130.plesk.page\/wp-content\/uploads\/2020\/11\/K360-logo-bijelo-crveno.png\",\"caption\":\"Kvaliteta360\"},\"image\":{\"@id\":\"https:\/\/affectionate-hofstadter.185-234-69-130.plesk.page\/en\/#\/schema\/logo\/image\/\"},\"sameAs\":[\"https:\/\/www.facebook.com\/kvaliteta360\"]}]}<\/script>\n<!-- \/ Yoast SEO plugin. -->","yoast_head_json":{"title":"Kvaliteta360 \u2013 EARLY Bird registration fee with 20% DISCOUNT* - Kvaliteta360","robots":{"index":"index","follow":"follow","max-snippet":"max-snippet:-1","max-image-preview":"max-image-preview:large","max-video-preview":"max-video-preview:-1"},"canonical":"https:\/\/affectionate-hofstadter.185-234-69-130.plesk.page\/en\/kotizacija\/kvaliteta360-early-bird-registration-fee-with-20-discount\/","og_locale":"en_US","og_type":"article","og_title":"Kvaliteta360 \u2013 EARLY Bird registration fee with 20% DISCOUNT* - Kvaliteta360","og_description":"Kotizacija s 20% dodatnog popusta uklju\u010duje: Konferencijske materijale Sva predavanja Kavu dobrodo\u0161lice Pauzu za kavu Ru\u010dak Pi\u0107e na Koktel After Partyu Sudjelovanje u tomboli * Pravo na ovu vrstu kotizacije mo\u017ee se ostvariti po bilo kojem, ali samo po jednom, navedenom kriteriju: Sudionici pro\u0161logodi\u0161nje konferencije! (pla\u0107ene kotizacije) 5 i vi\u0161e kotizacija iz iste organizacije \u010clanovi [&hellip;]","og_url":"https:\/\/affectionate-hofstadter.185-234-69-130.plesk.page\/en\/kotizacija\/kvaliteta360-early-bird-registration-fee-with-20-discount\/","og_site_name":"Kvaliteta360","article_publisher":"https:\/\/www.facebook.com\/kvaliteta360","article_modified_time":"2024-06-07T02:19:42+00:00","og_image":[{"width":1000,"height":324,"url":"https:\/\/affectionate-hofstadter.185-234-69-130.plesk.page\/wp-content\/uploads\/2023\/09\/early.png","type":"image\/png"}],"twitter_card":"summary_large_image","twitter_misc":{"Est. reading time":"1 minute"},"schema":{"@context":"https:\/\/schema.org","@graph":[{"@type":"WebPage","@id":"https:\/\/affectionate-hofstadter.185-234-69-130.plesk.page\/en\/kotizacija\/kvaliteta360-early-bird-registration-fee-with-20-discount\/","url":"https:\/\/affectionate-hofstadter.185-234-69-130.plesk.page\/en\/kotizacija\/kvaliteta360-early-bird-registration-fee-with-20-discount\/","name":"Kvaliteta360 \u2013 EARLY Bird registration fee with 20% DISCOUNT* - Kvaliteta360","isPartOf":{"@id":"https:\/\/affectionate-hofstadter.185-234-69-130.plesk.page\/en\/#website"},"primaryImageOfPage":{"@id":"https:\/\/affectionate-hofstadter.185-234-69-130.plesk.page\/en\/kotizacija\/kvaliteta360-early-bird-registration-fee-with-20-discount\/#primaryimage"},"image":{"@id":"https:\/\/affectionate-hofstadter.185-234-69-130.plesk.page\/en\/kotizacija\/kvaliteta360-early-bird-registration-fee-with-20-discount\/#primaryimage"},"thumbnailUrl":"https:\/\/affectionate-hofstadter.185-234-69-130.plesk.page\/wp-content\/uploads\/2023\/09\/redovna.png","datePublished":"2023-03-25T13:50:29+00:00","dateModified":"2024-06-07T02:19:42+00:00","breadcrumb":{"@id":"https:\/\/affectionate-hofstadter.185-234-69-130.plesk.page\/en\/kotizacija\/kvaliteta360-early-bird-registration-fee-with-20-discount\/#breadcrumb"},"inLanguage":"en-US","potentialAction":[{"@type":"ReadAction","target":["https:\/\/affectionate-hofstadter.185-234-69-130.plesk.page\/en\/kotizacija\/kvaliteta360-early-bird-registration-fee-with-20-discount\/"]}]},{"@type":"ImageObject","inLanguage":"en-US","@id":"https:\/\/affectionate-hofstadter.185-234-69-130.plesk.page\/en\/kotizacija\/kvaliteta360-early-bird-registration-fee-with-20-discount\/#primaryimage","url":"https:\/\/affectionate-hofstadter.185-234-69-130.plesk.page\/wp-content\/uploads\/2023\/09\/redovna.png","contentUrl":"https:\/\/affectionate-hofstadter.185-234-69-130.plesk.page\/wp-content\/uploads\/2023\/09\/redovna.png","width":1000,"height":324},{"@type":"BreadcrumbList","@id":"https:\/\/affectionate-hofstadter.185-234-69-130.plesk.page\/en\/kotizacija\/kvaliteta360-early-bird-registration-fee-with-20-discount\/#breadcrumb","itemListElement":[{"@type":"ListItem","position":1,"name":"Po\u010detna stranica","item":"https:\/\/affectionate-hofstadter.185-234-69-130.plesk.page\/en\/"},{"@type":"ListItem","position":2,"name":"Kotizacije","item":"https:\/\/affectionate-hofstadter.185-234-69-130.plesk.page\/kotizacije\/"},{"@type":"ListItem","position":3,"name":"Kvaliteta360 \u2013 EARLY Bird registration fee with 20% DISCOUNT*"}]},{"@type":"WebSite","@id":"https:\/\/affectionate-hofstadter.185-234-69-130.plesk.page\/en\/#website","url":"https:\/\/affectionate-hofstadter.185-234-69-130.plesk.page\/en\/","name":"Kvaliteta360","description":"Me\u0111unarodna konferencija o kvaliteti u poslovanju","publisher":{"@id":"https:\/\/affectionate-hofstadter.185-234-69-130.plesk.page\/en\/#organization"},"potentialAction":[{"@type":"SearchAction","target":{"@type":"EntryPoint","urlTemplate":"https:\/\/affectionate-hofstadter.185-234-69-130.plesk.page\/en\/?s={search_term_string}"},"query-input":{"@type":"PropertyValueSpecification","valueRequired":true,"valueName":"search_term_string"}}],"inLanguage":"en-US"},{"@type":"Organization","@id":"https:\/\/affectionate-hofstadter.185-234-69-130.plesk.page\/en\/#organization","name":"Kvaliteta360","url":"https:\/\/affectionate-hofstadter.185-234-69-130.plesk.page\/en\/","logo":{"@type":"ImageObject","inLanguage":"en-US","@id":"https:\/\/affectionate-hofstadter.185-234-69-130.plesk.page\/en\/#\/schema\/logo\/image\/","url":"https:\/\/affectionate-hofstadter.185-234-69-130.plesk.page\/wp-content\/uploads\/2020\/11\/K360-logo-bijelo-crveno.png","contentUrl":"https:\/\/affectionate-hofstadter.185-234-69-130.plesk.page\/wp-content\/uploads\/2020\/11\/K360-logo-bijelo-crveno.png","caption":"Kvaliteta360"},"image":{"@id":"https:\/\/affectionate-hofstadter.185-234-69-130.plesk.page\/en\/#\/schema\/logo\/image\/"},"sameAs":["https:\/\/www.facebook.com\/kvaliteta360"]}]}},"_links":{"self":[{"href":"https:\/\/affectionate-hofstadter.185-234-69-130.plesk.page\/en\/wp-json\/wp\/v2\/product\/8182"}],"collection":[{"href":"https:\/\/affectionate-hofstadter.185-234-69-130.plesk.page\/en\/wp-json\/wp\/v2\/product"}],"about":[{"href":"https:\/\/affectionate-hofstadter.185-234-69-130.plesk.page\/en\/wp-json\/wp\/v2\/types\/product"}],"wp:featuredmedia":[{"embeddable":true,"href":"https:\/\/affectionate-hofstadter.185-234-69-130.plesk.page\/en\/wp-json\/wp\/v2\/media\/8083"}],"wp:attachment":[{"href":"https:\/\/affectionate-hofstadter.185-234-69-130.plesk.page\/en\/wp-json\/wp\/v2\/media?parent=8182"}],"wp:term":[{"taxonomy":"product_cat","embeddable":true,"href":"https:\/\/affectionate-hofstadter.185-234-69-130.plesk.page\/en\/wp-json\/wp\/v2\/product_cat?post=8182"},{"taxonomy":"product_tag","embeddable":true,"href":"https:\/\/affectionate-hofstadter.185-234-69-130.plesk.page\/en\/wp-json\/wp\/v2\/product_tag?post=8182"}],"curies":[{"name":"wp","href":"https:\/\/api.w.org\/{rel}","templated":true}]}}